{"id":21825,"date":"2018-11-26T10:52:16","date_gmt":"2018-11-26T09:52:16","guid":{"rendered":"https:\/\/www.neusta-ds.de\/blog\/?page_id=21825"},"modified":"2022-12-08T15:26:21","modified_gmt":"2022-12-08T14:26:21","slug":"impressum","status":"publish","type":"page","link":"https:\/\/www.destination.one\/blog\/impressum\/","title":{"rendered":"Impressum"},"content":{"rendered":"<section class=\"vc_row wpb_row vc_row-fluid  vc_custom_1510650874291 wow none pofo-row-responsive-6a07198750b7c\"><div class=\"wpb_column vc_column_container vc_col-sm-12  col-xs-mobile-fullwidth\"><div class=\"vc_column-inner \"><div class=\"wpb_wrapper\"><h6 class=\"text-extra-dark-gray margin-20px-bottom font-weight-600 display-inline-block alt-font heading-style2  heading-1\" >Impressum<\/h6><div class=\"last-paragraph-no-margin\"><p>Verantwortlich f\u00fcr den Inhalt<\/p>\n<p><b>neusta destination.one GmbH<br \/>\n<\/b><\/p>\n<p>M\u00fcnchener Stra\u00dfe 1<br \/>\nD-86899 Landsberg am Lech<br \/>\nFon +49 (0) 89 215445-61<br \/>\nFax +49 (0) 89 215445-62<\/p>\n<p>Standort Bremen<br \/>\nKonsul-Smidt-Str. 24<br \/>\nD-28217 Bremen<br \/>\nFon +49 (0) 421 69655-470<br \/>\nFax +49 (0) 421 206 96-99<\/p>\n<p>Standort Leer<br \/>\nM\u00fchlenstra\u00dfe 153<br \/>\n26789 Leer<br \/>\nFon +49 (0) 491 925 82-50<br \/>\nFax +49 (0) 491 925 82-59<\/p>\n<p>E-Mail:\u00a0<a class=\"mail\" title=\"Mail an info@neusta-ds.de senden\" href=\"mailto:info@neusta-ds.de\">info@neusta-ds.de<\/a><\/p>\n<p>Gesch\u00e4ftsf\u00fchrer:<br \/>\nAdi Hadzimuratovic<\/p>\n<p>neusta destination.one GmbH | Ein team neusta Unternehmen<\/p>\n<p>Registergericht:<br \/>\nAmtsgericht M\u00fcnchen<\/p>\n<p>Registernummer:<br \/>\nHRB 224670<\/p>\n<p>Umsatzsteuer-Identifikationsnummer gem\u00e4\u00df \u00a7 27 a Umsatzsteuergesetz:<br \/>\nDE815626066<\/p>\n<p>Inhaltlich Verantwortlicher gem\u00e4\u00df \u00a7 10 Absatz 3 MDStV:<br \/>\nAdi Hadzimuratovic (Anschrift wie oben)<\/p>\n<p><b>Haftungsausschluss<\/b><\/p>\n<p>1. Inhalt des Onlineangebotes<br \/>\nDer Autor \u00fcbernimmt keinerlei Gew\u00e4hr f\u00fcr die Aktualit\u00e4t, Korrektheit, Vollst\u00e4ndigkeit oder Qualit\u00e4t der bereitgestellten Informationen. Haftungsanspr\u00fcche gegen den Autor, welche sich auf Sch\u00e4den materieller oder ideeller Art beziehen, die durch die Nutzung oder Nichtnutzung der dargebotenen Informationen bzw. durch die Nutzung fehlerhafter und unvollst\u00e4ndiger Informationen verursacht wurden, sind grunds\u00e4tzlich ausgeschlossen, sofern seitens des Autors kein nachweislich vors\u00e4tzliches oder grob fahrl\u00e4ssiges Verschulden vorliegt. Alle Angebote sind freibleibend und unverbindlich. Der Autor beh\u00e4lt es sich ausdr\u00fccklich vor, Teile der Seiten oder das gesamte Angebot ohne gesonderte Ank\u00fcndigung zu ver\u00e4ndern, zu erg\u00e4nzen, zu l\u00f6schen oder die Ver\u00f6ffentlichung zeitweise oder endg\u00fcltig einzustellen.<\/p>\n<p><b>2. Verweise und Links<\/b><br \/>\nBei direkten oder indirekten Verweisen auf fremde Webseiten (&#8222;Hyperlinks&#8220;), die au\u00dferhalb des Verantwortungsbereiches des Autors liegen, w\u00fcrde eine Haftungsverpflichtung ausschlie\u00dflich in dem Fall in Kraft treten, in dem der Autor von den Inhalten Kenntnis hat und es ihm technisch m\u00f6glich und zumutbar w\u00e4re, die Nutzung im Falle rechtswidriger Inhalte zu verhindern. ?Der Autor erkl\u00e4rt hiermit ausdr\u00fccklich, dass zum Zeitpunkt der Linksetzung keine illegalen Inhalte auf den zu verlinkenden Seiten erkennbar waren. Auf die aktuelle und zuk\u00fcnftige Gestaltung, die Inhalte oder die Urheberschaft der gelinkten\/verkn\u00fcpften Seiten hat der Autor keinerlei Einfluss. Deshalb distanziert er sich hiermit ausdr\u00fccklich von allen Inhalten aller gelinkten \/verkn\u00fcpften Seiten, die nach der Linksetzung ver\u00e4ndert wurden. Diese Feststellung gilt f\u00fcr alle innerhalb des eigenen Internetangebotes gesetzten Links und Verweise sowie f\u00fcr Fremdeintr\u00e4ge in vom Autor eingerichteten G\u00e4steb\u00fcchern, Diskussionsforen und Mailinglisten. F\u00fcr illegale, fehlerhafte oder unvollst\u00e4ndige Inhalte und insbesondere f\u00fcr Sch\u00e4den, die aus der Nutzung oder Nichtnutzung solcherart dargebotener Informationen entstehen, haftet allein der Anbieter der Seite, auf welche verwiesen wurde, nicht derjenige, der \u00fcber Links auf die jeweilige Ver\u00f6ffentlichung lediglich verweist.<\/p>\n<p><b>3. Urheber- und Kennzeichenrecht\u00a0<\/b><br \/>\nDer Autor ist bestrebt, in allen Publikationen die Urheberrechte der verwendeten Grafiken, Tondokumente, Videosequenzen und Texte zu beachten, von ihm selbst erstellte Grafiken, Tondokumente, Videosequenzen und Texte zu nutzen oder auf lizenzfreie Grafiken, Tondokumente, Videosequenzen und Texte zur\u00fcckzugreifen. Alle innerhalb des Internetangebotes genannten und ggf. durch Dritte gesch\u00fctzten Marken- und Warenzeichen unterliegen uneingeschr\u00e4nkt den Bestimmungen des jeweils g\u00fcltigen Kennzeichenrechts und den Besitzrechten der jeweiligen eingetragenen Eigent\u00fcmer. Allein aufgrund der blo\u00dfen Nennung ist nicht der Schluss zu ziehen, dass Markenzeichen nicht durch Rechte Dritter gesch\u00fctzt sind! Das Copyright f\u00fcr ver\u00f6ffentlichte, vom Autor selbst erstellte Objekte bleibt allein beim Autor der Seiten. Eine Vervielf\u00e4ltigung oder Verwendung solcher Grafiken, Tondokumente, Videosequenzen und Texte in anderen elektronischen oder gedruckten Publikationen ist ohne ausdr\u00fcckliche Zustimmung des Autors nicht gestattet.<\/p>\n<p><b>4. Datenschutz\u00a0<\/b><br \/>\nSofern innerhalb des Internetangebotes die M\u00f6glichkeit zur Eingabe pers\u00f6nlicher oder gesch\u00e4ftlicher Daten (Emailadressen, Namen, Anschriften) besteht, so erfolgt die Preisgabe dieser Daten seitens des Nutzers auf ausdr\u00fccklich freiwilliger Basis. Die Inanspruchnahme und Bezahlung aller angebotenen Dienste ist &#8211; soweit technisch m\u00f6glich und zumutbar &#8211; auch ohne Angabe solcher Daten bzw. unter Angabe anonymisierter Daten oder eines Pseudonyms gestattet. Die Nutzung der im Rahmen des Impressums oder vergleichbarer Angaben ver\u00f6ffentlichten Kontaktdaten wie Postanschriften, Telefon- und Faxnummern sowie Emailadressen durch Dritte zur \u00dcbersendung von nicht ausdr\u00fccklich angeforderten Informationen ist nicht gestattet. Rechtliche Schritte gegen die Versender von sogenannten Spam-Mails bei Verst\u00f6ssen gegen dieses Verbot sind ausdr\u00fccklich vorbehalten. Der Datenschutz der Nutzer unserer Webseiten ist uns ein wichtiges Anliegen. Die folgenden Hinweise beschreiben, welche anonymen und personenbezogenen Daten auf unseren Webseiten erhoben und wie sie verarbeitet werden.<\/p>\n<p>Diese Website benutzt Google Analytics, einen Webanalysedienst der Google Inc. (\u201eGoogle\u201c). Google Analytics verwendet sog. \u201eCookies\u201c, Textdateien, die auf Ihrem Computer gespeichert werden und die eine Analyse der Benutzung der Website durch Sie erm\u00f6glichen. Die durch den Cookie erzeugten Informationen \u00fcber Ihre Benutzung dieser Website (einschlie\u00dflich Ihrer IP-Adresse) wird an einen Server von Google in den USA \u00fcbertragen und dort gespeichert. Google wird diese Informationen benutzen, um Ihre Nutzung der Website auszuwerten, um Reports \u00fcber die Websiteaktivit\u00e4ten f\u00fcr die Websitebetreiber zusammenzustellen und um weitere mit der Websitenutzung und der Internetnutzung verbundene Dienstleistungen zu erbringen. Auch wird Google diese Informationen gegebenenfalls an Dritte \u00fcbertragen, sofern dies gesetzlich vorgeschrieben oder soweit Dritte diese Daten im Auftrag von Google verarbeiten. Google wird in keinem Fall Ihre IP-Adresse mit anderen Daten von Google in Verbindung bringen. Sie k\u00f6nnen die Installation der Cookies durch eine entsprechende Einstellung Ihrer Browser Software verhindern; wir weisen Sie jedoch darauf hin, dass Sie in diesem Fall gegebenenfalls nicht s\u00e4mtliche Funktionen dieser Website vollumf\u00e4nglich nutzen k\u00f6nnen. Durch die Nutzung dieser Website erkl\u00e4ren Sie sich mit der Bearbeitung der \u00fcber Sie erhobenen Daten durch Google in der zuvor beschriebenen Art und Weise und zu dem zuvor benannten Zweck einverstanden. Der Datenerhebung und -speicherung kann jederzeit mit Wirkung f\u00fcr die Zukunft widersprochen werden. Angesichts der Diskussion um den Einsatz von Analysetools mit vollst\u00e4ndigen IP-Adressen m\u00f6chten wir darauf hinweisen, dass diese Website Google Analytics mit der Erweiterung \u201e_anonymizeIp()\u201c verwendet und daher IP-Adressen nur gek\u00fcrzt weiterverarbeitet werden, um eine direkte Personenbeziehbarkeit auszuschlie\u00dfen.<\/p>\n<p><b>Anonyme Datenerhebung\u00a0<\/b><br \/>\nSie k\u00f6nnen die Webseiten der neusta destination.oneGmbH besuchen, ohne uns mitzuteilen, wer Sie sind. neusta destination.one GmbH erhebt keinerlei Daten, aus denen sich die Identit\u00e4t des einzelnen Nutzers ableiten l\u00e4sst, es sei denn, der Nutzer \u00fcbermittelt uns selber personenbezogene Daten zum Beispiel, um Leistungen von neusta destination.one in Anspruch zu nehmen. Wir erfahren nur den Namen Ihres Internet Service Providers, die Webseite von der aus Sie uns besuchen und die Webseiten, die Sie bei uns besuchen sowie Datum und Uhrzeit. Diese Informationen werden statistisch aufbereitet und dienen der Optimierung unseres Angebotes &#8211; als Nutzer unserer Webseiten bleiben Sie hierbei anonym. neusta destination.one verf\u00fcgt \u00fcber keine technologischen Hilfsmittel, die die Identifizierung von Nutzern erm\u00f6glichen oder auf deren Identifizierung abzielen.<\/p>\n<p><b>Erhebung und Verarbeitung personenbezogener Daten\u00a0<\/b><br \/>\nPersonenbezogene Daten werden nur dann erhoben, wenn Sie uns diese von sich aus mitteilen, zum Beispiel bei einer Umfrage, bei der Bestellung von Informationsmaterial oder bei der Registrierung f\u00fcr personalisierte Dienste wie einem Newsletter oder Zugang zu passwortgesch\u00fctzten Bereichen. Ihre pers\u00f6nlichen Daten werden entsprechend den deutschen\u00a0 Datenschutzbestimmungen gespeichert und verarbeitet und werden ausschlie\u00dflich zu dem von Ihnen angegebenen Zweck genutzt. Eine Offenlegung dieser Informationen und Daten gegen\u00fcber Dritten erfolgt nicht, es sei denn, Sie wurden hier\u00fcber zuvor informiert und haben diesbez\u00fcglich die ausdr\u00fcckliche Zustimmung erkl\u00e4rt. Etwas anderes gilt nur, sofern neusta destination.ones zu einer Offenlegung und \u00dcbermittlung von Daten gesetzlich oder durch gerichtliches Urteil verpflichtet ist. Wir verarbeiten Ihre Daten ausschlie\u00dflich zu Gesch\u00e4ftszwecken die wir zur Abwicklung von Auftr\u00e4gen und zur Pflege der Kundenbeziehungen ben\u00f6tigen. Sie k\u00f6nnen gem\u00e4\u00df \u00a7 28 Abs.4 Bundesdatenschutzgesetz der oben genannten Nutzung und\/oder Verarbeitung Ihrer Daten jederzeit durch Mitteilung an neusta destination.one widersprechen bzw. widerrufen, sofern die Daten nicht zur Vertrags-\/Auftragsabwicklung erforderlich sind.<\/p>\n<p><b>Facebook<\/b><br \/>\nUnser Internetauftritt verwendet mehrere Plugins von Facebook, Facebook Inc., 1601 S. California Ave, Palo Alto, CA 94304, USA. Sie erkennen diese Plugins entweder am blauen \u201cF\u201d von Facebook oder daran, dass dieses Plugin mit dem Wort \u201cFacebook\u201d gekennzeichnet ist. Bei einem Aufruf unserer Webseite wird \u00fcber diese Plugins eine Verbindung zu den Servern von Facebook hergestellt und Daten \u00fcbermittelt. Zum einen werden die Informationen, die Sie sehen, direkt von den Servern an Ihr Browser \u00fcbertragen und dort dargestellt, zum anderen werden Informationen \u00fcber Ihren Besuch auf unserer Webseite an Facebook \u00fcbermittelt. Sind Sie bei Facebook eingeloggt so k\u00f6nnen die \u00fcbermittelten Informationen direkt ihrem Konto zugeordnet werden. Bei einer Interaktion mit den Funktionen des Plugins, z.B. dr\u00fccken des \u201cGef\u00e4llt mir\u201d Buttons, wird diese Information von Ihrem Browser direkt an Facebook \u00fcbersendet und dort gespeichert. Die Weiterverarbeitung dieser Information obliegt Facebook, die entsprechenden Bedingungen und Einstellm\u00f6glichkeiten entnehmen Sie bitte den Datenschutzhinweisen von Facebook. Wollen Sie vermeiden, dass personenbezogene Daten von Ihnen an Facebook \u00fcbermittelt wird, so loggen Sie sich vor einem Besuch unserer Webseite in Facebook aus.<\/p>\n<p><b>5. Rechtswirksamkeit dieses Haftungsausschlusses\u00a0<\/b><br \/>\nDieser Haftungsausschluss ist als Teil des Internetangebotes zu betrachten, von dem aus auf diese Seite verwiesen wurde. Sofern Teile oder einzelne Formulierungen dieses Textes der geltenden Rechtslage nicht, nicht mehr oder nicht vollst\u00e4ndig entsprechen sollten, bleiben die \u00fcbrigen Teile des Dokumentes in ihrem Inhalt und ihrer G\u00fcltigkeit davon unber\u00fchrt.<\/p>\n<p><b>6. Sonstiges<\/b><br \/>\nneusta destination.one ist Mitglied im Software-Netzwerk Leer e.V. <a class=\"external-link-new-window\" title=\"www.software-leer.de\" href=\"http:\/\/www.software-leer.de\/\" target=\"_blank\" rel=\"noopener noreferrer\">www.software-leer.de<\/a><\/p>\n<p>&nbsp;<\/p>\n<p><strong>Bildnachweise<br \/>\n<\/strong>rassco \/ shutterstock.com<\/p>\n<\/div><\/div><\/div><\/div><\/section>\n","protected":false},"excerpt":{"rendered":"ImpressumVerantwortlich f\u00fcr den Inhalt neusta destination.one GmbH M\u00fcnchener Stra\u00dfe 1 D-86899 Landsberg am Lech Fon +49 (0) 89 215445-61 Fax +49 (0) 89 215445-62 Standort Bremen Konsul-Smidt-Str. 24 D-28217 Bremen Fon +49 (0) 421 69655-470 Fax +49 (0) 421 206 96-99 Standort Leer M\u00fchlenstra\u00dfe 153 26789 Leer Fon +49 (0) 491 925 82-50 Fax +49 (0) 491 925 82-59 E-Mail:\u00a0info@neusta-ds.de Gesch\u00e4ftsf\u00fchrer: Adi Hadzimuratovic neusta destination.one GmbH | Ein team neusta Unternehmen Registergericht: Amtsgericht M\u00fcnchen Registernummer: HRB 224670 Umsatzsteuer-Identifikationsnummer gem\u00e4\u00df \u00a7 27 a Umsatzsteuergesetz: DE815626066 Inhaltlich Verantwortlicher gem\u00e4\u00df \u00a7 10 Absatz 3 MDStV: Adi Hadzimuratovic (Anschrift wie oben) Haftungsausschluss 1. Inhalt des Onlineangebotes Der Autor \u00fcbernimmt keinerlei Gew\u00e4hr f\u00fcr die Aktualit\u00e4t, Korrektheit, Vollst\u00e4ndigkeit oder Qualit\u00e4t der bereitgestellten Informationen. Haftungsanspr\u00fcche gegen den Autor, welche sich auf Sch\u00e4den materieller oder ideeller Art beziehen, die durch die Nutzung oder Nichtnutzung der dargebotenen Informationen bzw. durch die Nutzung fehlerhafter und unvollst\u00e4ndiger Informationen verursacht wurden, sind grunds\u00e4tzlich ausgeschlossen, sofern seitens des Autors kein nachweislich vors\u00e4tzliches oder grob fahrl\u00e4ssiges Verschulden vorliegt. Alle Angebote sind freibleibend und unverbindlich. Der Autor beh\u00e4lt es sich ausdr\u00fccklich vor, Teile der Seiten oder das gesamte Angebot ohne gesonderte Ank\u00fcndigung zu ver\u00e4ndern, zu erg\u00e4nzen, zu l\u00f6schen oder die Ver\u00f6ffentlichung zeitweise oder endg\u00fcltig einzustellen....","protected":false},"author":1,"featured_media":0,"parent":0,"menu_order":0,"comment_status":"closed","ping_status":"closed","template":"","meta":[],"yoast_head":"<!-- This site is optimized with the Yoast SEO plugin v21.1 - https:\/\/yoast.com\/wordpress\/plugins\/seo\/ -->\n<title>Impressum - neusta tourism Blog<\/title>\n<meta name=\"robots\" content=\"index, follow, max-snippet:-1, max-image-preview:large, max-video-preview:-1\" \/>\n<link rel=\"canonical\" href=\"https:\/\/www.destination.one\/blog\/impressum\/\" \/>\n<meta property=\"og:locale\" content=\"de_DE\" \/>\n<meta property=\"og:type\" content=\"article\" \/>\n<meta property=\"og:title\" content=\"Impressum - neusta tourism Blog\" \/>\n<meta property=\"og:url\" content=\"https:\/\/www.destination.one\/blog\/impressum\/\" \/>\n<meta property=\"og:site_name\" content=\"neusta tourism Blog\" \/>\n<meta property=\"article:publisher\" content=\"https:\/\/www.facebook.com\/neustadestinationsolutions\" \/>\n<meta property=\"article:modified_time\" content=\"2022-12-08T14:26:21+00:00\" \/>\n<meta property=\"og:image\" content=\"https:\/\/www.destination.one\/blog\/wp-content\/uploads\/2018\/11\/logo-final-black-1.png\" \/>\n\t<meta property=\"og:image:width\" content=\"446\" \/>\n\t<meta property=\"og:image:height\" content=\"231\" \/>\n\t<meta property=\"og:image:type\" content=\"image\/png\" \/>\n<meta name=\"twitter:card\" content=\"summary_large_image\" \/>\n<meta name=\"twitter:label1\" content=\"Gesch\u00e4tzte Lesezeit\" \/>\n\t<meta name=\"twitter:data1\" content=\"9\u00a0Minuten\" \/>\n<script type=\"application\/ld+json\" class=\"yoast-schema-graph\">{\"@context\":\"https:\/\/schema.org\",\"@graph\":[{\"@type\":\"WebPage\",\"@id\":\"https:\/\/www.destination.one\/blog\/impressum\/\",\"url\":\"https:\/\/www.destination.one\/blog\/impressum\/\",\"name\":\"Impressum - neusta tourism Blog\",\"isPartOf\":{\"@id\":\"https:\/\/www.destination.one\/blog\/#website\"},\"datePublished\":\"2018-11-26T09:52:16+00:00\",\"dateModified\":\"2022-12-08T14:26:21+00:00\",\"breadcrumb\":{\"@id\":\"https:\/\/www.destination.one\/blog\/impressum\/#breadcrumb\"},\"inLanguage\":\"de\",\"potentialAction\":[{\"@type\":\"ReadAction\",\"target\":[\"https:\/\/www.destination.one\/blog\/impressum\/\"]}]},{\"@type\":\"BreadcrumbList\",\"@id\":\"https:\/\/www.destination.one\/blog\/impressum\/#breadcrumb\",\"itemListElement\":[{\"@type\":\"ListItem\",\"position\":1,\"name\":\"Startseite\",\"item\":\"https:\/\/www.destination.one\/blog\/\"},{\"@type\":\"ListItem\",\"position\":2,\"name\":\"Impressum\"}]},{\"@type\":\"WebSite\",\"@id\":\"https:\/\/www.destination.one\/blog\/#website\",\"url\":\"https:\/\/www.destination.one\/blog\/\",\"name\":\"neusta tourism Blog\",\"description\":\"\",\"publisher\":{\"@id\":\"https:\/\/www.destination.one\/blog\/#organization\"},\"potentialAction\":[{\"@type\":\"SearchAction\",\"target\":{\"@type\":\"EntryPoint\",\"urlTemplate\":\"https:\/\/www.destination.one\/blog\/?s={search_term_string}\"},\"query-input\":\"required name=search_term_string\"}],\"inLanguage\":\"de\"},{\"@type\":\"Organization\",\"@id\":\"https:\/\/www.destination.one\/blog\/#organization\",\"name\":\"neusta destination solutions\",\"url\":\"https:\/\/www.destination.one\/blog\/\",\"logo\":{\"@type\":\"ImageObject\",\"inLanguage\":\"de\",\"@id\":\"https:\/\/www.destination.one\/blog\/#\/schema\/logo\/image\/\",\"url\":\"https:\/\/www.neusta-ds.de\/blog\/wp-content\/uploads\/2018\/11\/footer-logo.png\",\"contentUrl\":\"https:\/\/www.neusta-ds.de\/blog\/wp-content\/uploads\/2018\/11\/footer-logo.png\",\"width\":320,\"height\":97,\"caption\":\"neusta destination solutions\"},\"image\":{\"@id\":\"https:\/\/www.destination.one\/blog\/#\/schema\/logo\/image\/\"},\"sameAs\":[\"https:\/\/www.facebook.com\/neustadestinationsolutions\",\"https:\/\/www.instagram.com\/neusta_ds\/\"]}]}<\/script>\n<!-- \/ Yoast SEO plugin. -->","yoast_head_json":{"title":"Impressum - neusta tourism Blog","robots":{"index":"index","follow":"follow","max-snippet":"max-snippet:-1","max-image-preview":"max-image-preview:large","max-video-preview":"max-video-preview:-1"},"canonical":"https:\/\/www.destination.one\/blog\/impressum\/","og_locale":"de_DE","og_type":"article","og_title":"Impressum - neusta tourism Blog","og_url":"https:\/\/www.destination.one\/blog\/impressum\/","og_site_name":"neusta tourism Blog","article_publisher":"https:\/\/www.facebook.com\/neustadestinationsolutions","article_modified_time":"2022-12-08T14:26:21+00:00","og_image":[{"width":446,"height":231,"url":"https:\/\/www.destination.one\/blog\/wp-content\/uploads\/2018\/11\/logo-final-black-1.png","type":"image\/png"}],"twitter_card":"summary_large_image","twitter_misc":{"Gesch\u00e4tzte Lesezeit":"9\u00a0Minuten"},"schema":{"@context":"https:\/\/schema.org","@graph":[{"@type":"WebPage","@id":"https:\/\/www.destination.one\/blog\/impressum\/","url":"https:\/\/www.destination.one\/blog\/impressum\/","name":"Impressum - neusta tourism Blog","isPartOf":{"@id":"https:\/\/www.destination.one\/blog\/#website"},"datePublished":"2018-11-26T09:52:16+00:00","dateModified":"2022-12-08T14:26:21+00:00","breadcrumb":{"@id":"https:\/\/www.destination.one\/blog\/impressum\/#breadcrumb"},"inLanguage":"de","potentialAction":[{"@type":"ReadAction","target":["https:\/\/www.destination.one\/blog\/impressum\/"]}]},{"@type":"BreadcrumbList","@id":"https:\/\/www.destination.one\/blog\/impressum\/#breadcrumb","itemListElement":[{"@type":"ListItem","position":1,"name":"Startseite","item":"https:\/\/www.destination.one\/blog\/"},{"@type":"ListItem","position":2,"name":"Impressum"}]},{"@type":"WebSite","@id":"https:\/\/www.destination.one\/blog\/#website","url":"https:\/\/www.destination.one\/blog\/","name":"neusta tourism Blog","description":"","publisher":{"@id":"https:\/\/www.destination.one\/blog\/#organization"},"potentialAction":[{"@type":"SearchAction","target":{"@type":"EntryPoint","urlTemplate":"https:\/\/www.destination.one\/blog\/?s={search_term_string}"},"query-input":"required name=search_term_string"}],"inLanguage":"de"},{"@type":"Organization","@id":"https:\/\/www.destination.one\/blog\/#organization","name":"neusta destination solutions","url":"https:\/\/www.destination.one\/blog\/","logo":{"@type":"ImageObject","inLanguage":"de","@id":"https:\/\/www.destination.one\/blog\/#\/schema\/logo\/image\/","url":"https:\/\/www.neusta-ds.de\/blog\/wp-content\/uploads\/2018\/11\/footer-logo.png","contentUrl":"https:\/\/www.neusta-ds.de\/blog\/wp-content\/uploads\/2018\/11\/footer-logo.png","width":320,"height":97,"caption":"neusta destination solutions"},"image":{"@id":"https:\/\/www.destination.one\/blog\/#\/schema\/logo\/image\/"},"sameAs":["https:\/\/www.facebook.com\/neustadestinationsolutions","https:\/\/www.instagram.com\/neusta_ds\/"]}]}},"_links":{"self":[{"href":"https:\/\/www.destination.one\/blog\/wp-json\/wp\/v2\/pages\/21825"}],"collection":[{"href":"https:\/\/www.destination.one\/blog\/wp-json\/wp\/v2\/pages"}],"about":[{"href":"https:\/\/www.destination.one\/blog\/wp-json\/wp\/v2\/types\/page"}],"author":[{"embeddable":true,"href":"https:\/\/www.destination.one\/blog\/wp-json\/wp\/v2\/users\/1"}],"replies":[{"embeddable":true,"href":"https:\/\/www.destination.one\/blog\/wp-json\/wp\/v2\/comments?post=21825"}],"version-history":[{"count":11,"href":"https:\/\/www.destination.one\/blog\/wp-json\/wp\/v2\/pages\/21825\/revisions"}],"predecessor-version":[{"id":24792,"href":"https:\/\/www.destination.one\/blog\/wp-json\/wp\/v2\/pages\/21825\/revisions\/24792"}],"wp:attachment":[{"href":"https:\/\/www.destination.one\/blog\/wp-json\/wp\/v2\/media?parent=21825"}],"curies":[{"name":"wp","href":"https:\/\/api.w.org\/{rel}","templated":true}]}}